{"id":20845,"date":"2024-11-01T02:22:57","date_gmt":"2024-11-01T01:22:57","guid":{"rendered":"https:\/\/ilmondo.cz\/rousinov\/?post_type=product&#038;p=20845"},"modified":"2025-10-26T16:14:10","modified_gmt":"2025-10-26T15:14:10","slug":"onion-menu","status":"publish","type":"product","link":"https:\/\/ilmondo.cz\/rousinov\/produkt\/onion-menu\/","title":{"rendered":"Onion MENU"},"content":{"rendered":"<p>[et_pb_section fb_built=&#8221;1&#8243; _builder_version=&#8221;4.16&#8243; custom_padding=&#8221;0px||||false|false&#8221; global_colors_info=&#8221;{}&#8221;][et_pb_row column_structure=&#8221;1_2,1_2&#8243; _builder_version=&#8221;4.16&#8243; background_size=&#8221;initial&#8221; background_position=&#8221;top_left&#8221; background_repeat=&#8221;repeat&#8221; width=&#8221;100%&#8221; custom_padding=&#8221;0px||||false|false&#8221; global_colors_info=&#8221;{}&#8221;][et_pb_column type=&#8221;1_2&#8243; _builder_version=&#8221;4.16&#8243; custom_padding=&#8221;|||&#8221; global_colors_info=&#8221;{}&#8221; custom_padding__hover=&#8221;|||&#8221;][et_pb_wc_images _builder_version=&#8221;4.16&#8243; global_colors_info=&#8221;{}&#8221;][\/et_pb_wc_images][et_pb_wc_title _builder_version=&#8221;4.16&#8243; global_colors_info=&#8221;{}&#8221;][\/et_pb_wc_title][et_pb_wc_price _builder_version=&#8221;4.16&#8243; global_colors_info=&#8221;{}&#8221;][\/et_pb_wc_price][et_pb_wc_description description_type=&#8221;description&#8221; _builder_version=&#8221;4.27.2&#8243; global_colors_info=&#8221;{}&#8221;][\/et_pb_wc_description][\/et_pb_column][et_pb_column type=&#8221;1_2&#8243; _builder_version=&#8221;4.16&#8243; custom_padding=&#8221;|||&#8221; global_colors_info=&#8221;{}&#8221; custom_padding__hover=&#8221;|||&#8221;][et_pb_wc_add_to_cart _builder_version=&#8221;4.16&#8243; global_colors_info=&#8221;{}&#8221;][\/et_pb_wc_add_to_cart][et_pb_wc_meta _builder_version=&#8221;4.16&#8243; global_colors_info=&#8221;{}&#8221;][\/et_pb_wc_meta][\/et_pb_column][\/et_pb_row][et_pb_row _builder_version=&#8221;4.16&#8243; background_size=&#8221;initial&#8221; background_position=&#8221;top_left&#8221; background_repeat=&#8221;repeat&#8221; width=&#8221;100%&#8221; global_colors_info=&#8221;{}&#8221;][et_pb_column type=&#8221;4_4&#8243; _builder_version=&#8221;4.16&#8243; custom_padding=&#8221;|||&#8221; global_colors_info=&#8221;{}&#8221; custom_padding__hover=&#8221;|||&#8221;][et_pb_wc_upsells _builder_version=&#8221;4.16&#8243; global_colors_info=&#8221;{}&#8221;][\/et_pb_wc_upsells][et_pb_wc_related_products _builder_version=&#8221;4.16&#8243; global_colors_info=&#8221;{}&#8221;][\/et_pb_wc_related_products][\/et_pb_column][\/et_pb_row][\/et_pb_section]<\/p>\n","protected":false},"excerpt":{"rendered":"","protected":false},"featured_media":29515,"template":"","meta":{"_et_pb_use_builder":"on","_et_pb_old_content":"Burger + hranolky + cibulov\u00e9 krou\u017eky + bbq om\u00e1\u010dka + chedarov\u00e1 om\u00e1\u010dka\r\n\r\nm\u00e1slov\u00e1 houska, 150g 100% hov\u011bz\u00ed maso,chedar, cibulov\u00e9 chutney, raj\u010de, BBQ om\u00e1\u010dka, sal\u00e1t\r\n\r\n&nbsp;\r\n\r\nm\u016f\u017ee obsahovat alergeny (1,3,7) viz. <a href=\"https:\/\/ilmondo.cz\/rousinov\/alergeny\">tabulka<\/a>","_et_gb_content_width":""},"product_brand":[],"product_cat":[17],"product_tag":[],"class_list":{"0":"post-20845","1":"product","2":"type-product","3":"status-publish","4":"has-post-thumbnail","6":"product_cat-burgery","8":"first","9":"instock","10":"shipping-taxable","11":"purchasable","12":"product-type-simple"},"_links":{"self":[{"href":"https:\/\/ilmondo.cz\/rousinov\/wp-json\/wp\/v2\/product\/20845","targetHints":{"allow":["GET"]}}],"collection":[{"href":"https:\/\/ilmondo.cz\/rousinov\/wp-json\/wp\/v2\/product"}],"about":[{"href":"https:\/\/ilmondo.cz\/rousinov\/wp-json\/wp\/v2\/types\/product"}],"wp:featuredmedia":[{"embeddable":true,"href":"https:\/\/ilmondo.cz\/rousinov\/wp-json\/wp\/v2\/media\/29515"}],"wp:attachment":[{"href":"https:\/\/ilmondo.cz\/rousinov\/wp-json\/wp\/v2\/media?parent=20845"}],"wp:term":[{"taxonomy":"product_brand","embeddable":true,"href":"https:\/\/ilmondo.cz\/rousinov\/wp-json\/wp\/v2\/product_brand?post=20845"},{"taxonomy":"product_cat","embeddable":true,"href":"https:\/\/ilmondo.cz\/rousinov\/wp-json\/wp\/v2\/product_cat?post=20845"},{"taxonomy":"product_tag","embeddable":true,"href":"https:\/\/ilmondo.cz\/rousinov\/wp-json\/wp\/v2\/product_tag?post=20845"}],"curies":[{"name":"wp","href":"https:\/\/api.w.org\/{rel}","templated":true}]}}