{"id":420,"date":"2021-11-10T12:09:04","date_gmt":"2021-11-10T11:09:04","guid":{"rendered":"https:\/\/ilmondo.cz\/lisen\/?page_id=420"},"modified":"2022-04-07T01:57:21","modified_gmt":"2022-04-06T23:57:21","slug":"obchodni-podminky","status":"publish","type":"page","link":"https:\/\/ilmondo.cz\/lisen\/obchodni-podminky\/","title":{"rendered":"Obchodn\u00ed podm\u00ednky"},"content":{"rendered":"<h3>P\u0159edm\u011bt \u010dinnosti<\/h3>\n<p>P\u0159edm\u011btem \u010dinnosti je v\u00fdroba a n\u00e1sledn\u00fd rozvoz hotov\u00fdch j\u00eddel a potravin\u00e1\u0159sk\u00e9ho zbo\u017e\u00ed do obydlen\u00fdch \u010d\u00e1st\u00ed m\u011bst a bl\u00edzk\u00e9ho okol\u00ed.<\/p>\n<h3>Otev\u00edrac\u00ed doba a rozvoz<\/h3>\n<p>Provozovna Pizzerie IL MONDO L\u00ed\u0161e\u0148 m\u00e1 otev\u00edrac\u00ed dobu od 11:00 do 22:00, kter\u00e1 m\u016f\u017ee b\u00fdt zm\u011bn\u011bna. Telefonick\u00e9 a on-line objedn\u00e1vky se p\u0159ij\u00edmaj\u00ed pouze v otev\u00edrac\u00ed dob\u011b a to maxim\u00e1ln\u011b do 15-ti minut p\u0159ed stanoven\u00fdm \u010dasem ukon\u010den\u00ed provozu. Pizzerie IL MONDO L\u00ed\u0161e\u0148 si vyhrazuje pr\u00e1vo stanovit individu\u00e1ln\u00ed v\u00fd\u0161i minim\u00e1ln\u00ed objedn\u00e1vky na 109 k\u010d p\u0159i rozvozu zdarma (n\u00e1poje a p\u0159\u00edlohy nevoz\u00edme samostatn\u011b) a pr\u00e1vo nerozv\u00e1\u017eet do n\u011bkter\u00fdch oblast\u00ed.<\/p>\n<h3>Platebn\u00ed podm\u00ednky<\/h3>\n<p>Za produkty a slu\u017eby je mo\u017eno platit v hotovosti nebo gastro stravenkami. Pizzerie IL MONDO L\u00ed\u0161e\u0148 si vyhrazuje pr\u00e1vo do zbyl\u00e9 hodnoty stravenek pen\u00edze nevracet. Z\u00e1kazn\u00edk je povinen ihned p\u0159epo\u010d\u00edtat vr\u00e1cen\u00e9 pen\u00edze. Na pozd\u011bj\u0161\u00ed reklamace nelze br\u00e1t z\u0159etel. Pokud odeb\u00edr\u00e1te v\u00edce surovin, ne\u017e p\u0159id\u00e1v\u00e1te, tak v\u00fdsledn\u00e1 celkov\u00e1 cena za produkt nem\u016f\u017ee b\u00fdt men\u0161\u00ed, ne\u017e v\u00fdchoz\u00ed cena pizzy nebo j\u00eddla. Kuri\u00e9r (doru\u010dovatel\u00e9 produkt\u016f) z bezpe\u010dnostn\u00edch d\u016fvod\u016f u sebe nemaj\u00ed v\u00edce ne\u017e 1000,- K\u010d v hotovosti. Pros\u00edme, p\u0159ipravte si drobn\u00e9 nebo p\u0159edem nahlaste, \u017ee budete platit vy\u0161\u0161\u00ed bankovkou ne\u017e je 1000,-K\u010d. Ve\u0161ker\u00e9 platby jsou prov\u00e1d\u011bny v \u010desk\u00e9 m\u011bn\u011b (CZK). V\u0161echny ceny na\u0161ich produkt\u016f jsou uv\u00e1d\u011bny v\u010detn\u011b DPH.<\/p>\n<h3>Produkty<\/h3>\n<p>Nab\u00edzen\u00e9 produkty nebo zbo\u017e\u00ed mohou b\u00fdt do\u010dasn\u011b vyprod\u00e1ny. V t\u011bchto p\u0159\u00edpadech v\u00e1m bude nab\u00eddnuta alternativa. N\u00e1poje a p\u0159\u00edlohy se rozv\u00e1\u017e\u00ed pouze s pizzou nebo hlavn\u00edm j\u00eddlem. Alkoholick\u00e9 n\u00e1poje a tab\u00e1kov\u00e9 v\u00fdrobky neprod\u00e1v\u00e1me osob\u00e1m mlad\u0161\u00edm osmn\u00e1cti let.<\/p>\n<h3>Akce, speci\u00e1ln\u00ed nab\u00eddky, slevy<\/h3>\n<p>Pizzerie IL MONDO L\u00ed\u0161e\u0148 si vyhrazuje pr\u00e1vo kdykoliv odvolat, ukon\u010dit nebo zru\u0161it jakoukoliv akci, speci\u00e1ln\u00ed nab\u00eddku nebo slevu a to bez mo\u017enosti jak\u00e9koliv finan\u010dn\u00ed nebo jin\u00e9 n\u00e1hrady, zejm\u00e9na p\u0159i objedn\u00e1n\u00ed prost\u0159ednictv\u00edm smluvn\u00edch partner\u016f. D\u00e1 se po\u017eit jen jednu z akci nebo bal\u00ed\u010dk\u016f .<\/p>\n<h3>Doru\u010den\u00ed objedn\u00e1vek<\/h3>\n<p>C\u00edlem je doru\u010den\u00ed objednan\u00fdch produkt\u016f a zbo\u017e\u00ed v co nejkrat\u0161\u00ed dob\u011b. Doba dod\u00e1n\u00ed je od 20 minut do 75 minut. V p\u0159\u00edpad\u011b, \u017ee nastanou situace, kter\u00e9 p\u0159\u00edmo ovlivn\u00ed zpo\u017ed\u011bn\u00ed dod\u00e1vky (dopravn\u00ed komplikace, nehoda, zhor\u0161en\u00e9 pov\u011btrnostn\u00ed vlivy atd.), m\u016f\u017ee doj\u00edt k opo\u017ed\u011bn\u00ed objedn\u00e1vky. V tomto p\u0159\u00edpad\u011b pod\u00e1 pracovn\u00edk p\u0159\u00edjmu objedn\u00e1vek informace o \u010dase dod\u00e1n\u00ed. Za zpo\u017ed\u011bn\u00ed, \u010di nedod\u00e1n\u00ed zavin\u011bn\u00e9 t\u0159et\u00ed osobou (kr\u00e1de\u017e, v\u00fdpadek energi\u00ed, p\u0159eru\u0161en\u00ed dod\u00e1vky vody atd.), nem\u016f\u017ee Pizzerie IL MONDO L\u00ed\u0161e\u0148 n\u00e9st odpov\u011bdnost, a proto toto nen\u00ed d\u016fvodem opr\u00e1vn\u011bn\u00e9 reklamace. Ve\u0161ker\u00e9 proveden\u00e9 objedn\u00e1vky jsou z\u00e1vazn\u00e9 a kupuj\u00edc\u00ed je povinen za objednan\u00e9 zbo\u017e\u00ed zaplatit celkovou cenu. Hmotnosti ve\u0161ker\u00fdch j\u00eddel jsou uv\u00e1d\u011bny v syrov\u00e9m stavu.<\/p>\n<h3>Reklamace<\/h3>\n<p>Pizzerie IL MONDO L\u00ed\u0161e\u0148 doporu\u010duje na m\u00edst\u011b zkontrolovat, jestli doru\u010den\u00e9 zbo\u017e\u00ed souhlas\u00ed s objedn\u00e1vkou. Pokud je cokoliv v nepo\u0159\u00e1dku, je zapot\u0159eb\u00ed neprodlen\u011b zavolat na pobo\u010dku, kde byla objedn\u00e1vka uskute\u010dn\u011bna. Pokud nebyly dodr\u017eeny obchodn\u00ed podm\u00ednky na\u0161\u00ed firmy, \u010di kvalita j\u00eddla, bude nab\u00eddnuta re\u0161en\u00ed podle reklama\u0159niho \u0159adu. Zbo\u017e\u00ed lze reklamovat pouze v den, kdy bylo zakoupeno. Na reklamovan\u00e9 objedn\u00e1vky z p\u0159edchoz\u00edch dn\u00ed nelze br\u00e1t z\u0159etel. Firemn\u00ed email objednavky@ilmondo-lisen.cz slou\u017e\u00ed pro pod\u00e1v\u00e1n\u00ed reklamac\u00ed. Na tento e-mail m\u016f\u017eete pos\u00edlat va\u0161e n\u00e1zory, n\u00e1pady, nab\u00eddky spolupr\u00e1ce nebo \u017e\u00e1dosti o zam\u011bstn\u00e1n\u00ed.<\/p>\n<h3>Ochrana osobn\u00edch \u00fadaj\u016f<\/h3>\n<p>Potvrzen\u00edm a odesl\u00e1n\u00edm objedn\u00e1vky nebo sd\u011blen\u00edm p\u0159i telefonick\u00e9 objedn\u00e1vce d\u00e1v\u00e1te souhlas k dal\u0161\u00edmu vyu\u017eit\u00ed V\u00e1mi uveden\u00fdch osobn\u00edch \u00fadaj\u016f za \u00fa\u010delem z\u00e1silkov\u00e9ho prodeje v r\u00e1mci spole\u010dnosti I\u010cO:\u00a008904545.\u00a0V z\u00e1jmu zkvalit\u0148ov\u00e1n\u00ed slu\u017eeb m\u016f\u017ee b\u00fdt V\u00e1\u0161 hovor zvukov\u011b zaznamen\u00e1n.<\/p>\n<h3>Odstoupen\u00ed od smlouvy<\/h3>\n<p>Spot\u0159ebitel nem\u016f\u017ee odstoupit od smlouvy, jestli\u017ee se jedn\u00e1 o poskytov\u00e1n\u00ed slu\u017eeb, jestli\u017ee s jejich pln\u011bn\u00edm bylo s jeho souhlasem zapo\u010dato p\u0159ed uplynut\u00edm lh\u016fty 7 dn\u016f od p\u0159evzet\u00ed pln\u011bn\u00ed.<\/p>\n<h3>Reklama\u010dn\u00ed \u0159\u00e1d<\/h3>\n<p>Tento reklama\u010dn\u00ed \u0159\u00e1d vztahuje se na produkty v nab\u00eddce obchodn\u00ed spole\u010dnosti I\u010cO: 08904545, kter\u00e9 byli vyroben\u00e9 v provozovn\u011b IL MONDO L\u00ed\u0161e\u0148, pot\u00e9 zakoupeno u spole\u010dnosti I\u010cO: 08904545 a kter\u00e9 bylo \u0159\u00e1dn\u011b z\u00e1kazn\u00edkem reklamov\u00e1no. Ke ka\u017ed\u00e9mu zbo\u017e\u00ed zakoupen\u00e9mu u obchodn\u00ed spole\u010dnosti I\u010cO: 0890454 (d\u00e1le jen prod\u00e1vaj\u00edc\u00ed) je p\u0159ikl\u00e1d\u00e1na \u00fa\u010dtenka a dodaci list. P\u0159evzet\u00edm zbo\u017e\u00ed stvrzuje kupuj\u00edc\u00ed souhlas s podm\u00ednkami prod\u00e1vaj\u00edc\u00edho. Pokud nen\u00ed zbo\u017e\u00ed osobn\u011b odebr\u00e1no, rozum\u00ed se p\u0159evzet\u00edm zbo\u017e\u00ed okam\u017eik, kdy zbo\u017e\u00ed p\u0159eb\u00edr\u00e1 kupuj\u00edc\u00ed od dopravce (potvrzeno podpisem na dodac\u00edm listu). Prod\u00e1vaj\u00edc\u00ed odpov\u00edd\u00e1 za vady, kter\u00e9 se projev\u00ed v dob\u011b v\u00fdroby a doru\u010dovan\u00ed zbo\u017e\u00ed vlastn\u00edm kuri\u00e9rem.<\/p>\n<p>Kupuj\u00edc\u00ed je povinen prohl\u00e9dnout zbo\u017e\u00ed p\u0159i jeho p\u0159evzet\u00ed, p\u0159\u00edpadn\u011b ihned po dod\u00e1n\u00ed do m\u00edsta ur\u010den\u00ed, je-li zbo\u017e\u00ed p\u0159epravov\u00e1no kurierem. Zjist\u00ed-li kupuj\u00edc\u00ed vady zbo\u017e\u00ed bezprost\u0159edn\u011b po jeho dod\u00e1n\u00ed do m\u00edsta ur\u010den\u00ed, je povinen s dopravcem sepsat \u0161kodn\u00ed protokol, vyfot\u00edt zbo\u017e\u00ed a zaslat foto na adresu lisen@ilmondo.cz s pozn\u00e1mkou.<\/p>\n<p>&nbsp;<\/p>\n","protected":false},"excerpt":{"rendered":"<p>P\u0159edm\u011bt \u010dinnosti P\u0159edm\u011btem \u010dinnosti je v\u00fdroba a n\u00e1sledn\u00fd rozvoz hotov\u00fdch j\u00eddel a potravin\u00e1\u0159sk\u00e9ho zbo\u017e\u00ed do obydlen\u00fdch \u010d\u00e1st\u00ed m\u011bst a bl\u00edzk\u00e9ho okol\u00ed. Otev\u00edrac\u00ed doba a rozvoz Provozovna Pizzerie IL MONDO L\u00ed\u0161e\u0148 m\u00e1 otev\u00edrac\u00ed dobu od 11:00 do 22:00, kter\u00e1 m\u016f\u017ee b\u00fdt zm\u011bn\u011bna. Telefonick\u00e9 a on-line objedn\u00e1vky se p\u0159ij\u00edmaj\u00ed pouze v otev\u00edrac\u00ed dob\u011b a to maxim\u00e1ln\u011b do [&hellip;]<\/p>\n","protected":false},"author":1,"featured_media":0,"parent":0,"menu_order":0,"comment_status":"closed","ping_status":"closed","template":"","meta":{"_et_pb_use_builder":"","_et_pb_old_content":"","_et_gb_content_width":"","footnotes":""},"class_list":["post-420","page","type-page","status-publish","hentry"],"_links":{"self":[{"href":"https:\/\/ilmondo.cz\/lisen\/wp-json\/wp\/v2\/pages\/420","targetHints":{"allow":["GET"]}}],"collection":[{"href":"https:\/\/ilmondo.cz\/lisen\/wp-json\/wp\/v2\/pages"}],"about":[{"href":"https:\/\/ilmondo.cz\/lisen\/wp-json\/wp\/v2\/types\/page"}],"author":[{"embeddable":true,"href":"https:\/\/ilmondo.cz\/lisen\/wp-json\/wp\/v2\/users\/1"}],"replies":[{"embeddable":true,"href":"https:\/\/ilmondo.cz\/lisen\/wp-json\/wp\/v2\/comments?post=420"}],"version-history":[{"count":0,"href":"https:\/\/ilmondo.cz\/lisen\/wp-json\/wp\/v2\/pages\/420\/revisions"}],"wp:attachment":[{"href":"https:\/\/ilmondo.cz\/lisen\/wp-json\/wp\/v2\/media?parent=420"}],"curies":[{"name":"wp","href":"https:\/\/api.w.org\/{rel}","templated":true}]}}